{"id":4084,"date":"2016-05-23T12:03:26","date_gmt":"2016-05-23T12:03:26","guid":{"rendered":"http:\/\/8theme.com\/import\/xstore\/?page_id=4084"},"modified":"2022-01-17T22:31:06","modified_gmt":"2022-01-17T21:31:06","slug":"about-us","status":"publish","type":"page","link":"https:\/\/www.soul-mate.sk\/","title":{"rendered":"Soul-mate"},"content":{"rendered":"<p>[vc_section full_width=&#8220;stretch_row&#8220; background_position=&#8220;center_top&#8220; et_uniqid=&#8220;et_custom_uniqid_5f64b80f008f3&#8243; el_id=&#8220;uvod&#8220; el_class=&#8220;uvod&#8220; _et_uniqid=&#8220;et_custom_uniqid_new_5f97ec033c903&#8243; css=&#8220;.vc_custom_1603791883323{background: #0ecbd5 url(https:\/\/www.soul-mate.sk\/wp-content\/uploads\/2020\/09\/Peta_header-foto_uprava.jpg?id=6116) !important;background-position: center !important;background-repeat: no-repeat !important;background-size: cover !important;}&#8220;][vc_row full_width=&#8220;stretch_row_content&#8220; full_height=&#8220;yes&#8220; content_placement=&#8220;middle&#8220; et_uniqid=&#8220;et_custom_uniqid_5f64b883bc0c6&#8243; _et_uniqid=&#8220;et_custom_uniqid_new_5f64c09c1c8b9&#8243;][vc_column width=&#8220;1\/2&#8243; et_uniqid=&#8220;et_custom_uniqid_5f64b7cbec3fe&#8220; _et_uniqid=&#8220;et_custom_uniqid_new_5f64bc93edeba&#8220;][\/vc_column][vc_column width=&#8220;1\/2&#8243;][vc_custom_heading text=&#8220;Objavte svoj potenci\u00e1l&#8220; font_container=&#8220;tag:p|font_size:40|text_align:left|color:%23ffffff&#8220; use_theme_fonts=&#8220;yes&#8220;][vc_column_text]Mgr. et Mgr. Petra Pa\u010desov\u00e1, PhD.<br \/>\n\u0161portov\u00fd psychol\u00f3g[\/vc_column_text][vc_btn title=&#8220;Chcem vedie\u0165 viac&#8220; style=&#8220;classic&#8220; shape=&#8220;round&#8220; align=&#8220;left&#8220; link=&#8220;url:https%3A%2F%2Fwww.soul-mate.sk%2F%23sluzby&#8220;][\/vc_column][\/vc_row][\/vc_section][vc_section full_width=&#8220;stretch_row&#8220; background_position=&#8220;center&#8220; et_uniqid=&#8220;et_custom_uniqid_5f64b80f008f3&#8243; el_id=&#8220;o_mne&#8220; el_class=&#8220;o mne&#8220; _et_uniqid=&#8220;et_custom_uniqid_new_5f6e2ffb1f06b&#8220; css=&#8220;.vc_custom_1601056764575{background-color: #ffffff !important;}&#8220;][vc_row full_width=&#8220;stretch_row&#8220; full_height=&#8220;yes&#8220; content_placement=&#8220;middle&#8220; et_uniqid=&#8220;et_custom_uniqid_5f64b883bc0c6&#8243; _et_uniqid=&#8220;et_custom_uniqid_new_5f64c50b6457f&#8220;][vc_column width=&#8220;1\/2&#8243; et_uniqid=&#8220;et_custom_uniqid_5f64b7cbec3fe&#8220; _et_uniqid=&#8220;et_custom_uniqid_new_5f64bc93edeba&#8220;][vc_custom_heading text=&#8220;Omne&#8220; font_container=&#8220;tag:p|font_size:40|text_align:center|color:%23ffffff&#8220; use_theme_fonts=&#8220;yes&#8220;][vc_column_text]<\/p>\n<p style=\"text-align: left;\">No brain, no gain!<\/p>\n<p>[\/vc_column_text][vc_row_inner][vc_column_inner][vc_column_text]<\/p>\n<div>Som \u0161portov\u00e1 psychologi\u010dka s univerzitn\u00fdm vzdelan\u00edm v oblasti \u0161portu i psychol\u00f3gie. Prepojenie t\u00fdchto oblast\u00ed je spolu s vlastn\u00fdmi sk\u00fasenos\u0165ami z akt\u00edvneho \u0161portovania z\u00e1kladom pre porozumenie klientovi. Vo svojej pr\u00e1ci sa venujem individu\u00e1lnej ment\u00e1lnej pr\u00edprave \u0161portovcov, skupinovej pr\u00e1ci s t\u00edmami, pr\u00e1ci s tr\u00e9nermi, \u0161portov\u00fdmi odborn\u00edkmi i rodi\u010dmi mlad\u00fdch\u00a0 \u0161portovcov.<\/div>\n<p>[\/vc_column_text][\/vc_column_inner][\/vc_row_inner][\/vc_column][vc_column width=&#8220;1\/2&#8243; et_uniqid=&#8220;et_custom_uniqid_5f64c43534d6a&#8220; _et_uniqid=&#8220;et_custom_uniqid_new_5f65e26f3f51a&#8220; css=&#8220;.vc_custom_1600512629541{background-position: center !important;background-repeat: no-repeat !important;background-size: contain !important;border-radius: 10px !important;}&#8220;][vc_single_image image=&#8220;5627&#8243; img_size=&#8220;full&#8220; style=&#8220;vc_box_rounded&#8220;][\/vc_column][\/vc_row][\/vc_section][vc_section full_width=&#8220;stretch_row&#8220; full_height=&#8220;yes&#8220; background_position=&#8220;center&#8220; et_uniqid=&#8220;et_custom_uniqid_5f64b80f008f3&#8243; el_id=&#8220;sluzby&#8220; el_class=&#8220;sluzby&#8220; _et_uniqid=&#8220;et_custom_uniqid_new_5f7593a5eafe5&#8243; css=&#8220;.vc_custom_1601541033051{background-color: #0ecbd5 !important;}&#8220;][vc_row full_width=&#8220;stretch_row&#8220; gap=&#8220;5&#8243; full_height=&#8220;yes&#8220; content_placement=&#8220;middle&#8220; et_uniqid=&#8220;et_custom_uniqid_5f64b883bc0c6&#8243; _et_uniqid=&#8220;et_custom_uniqid_new_5f7593aa7cc91&#8243;][vc_column et_uniqid=&#8220;et_custom_uniqid_5f64b7cbec3fe&#8220; _et_uniqid=&#8220;et_custom_uniqid_new_5f64bc93edeba&#8220;][vc_custom_heading text=&#8220;Slu\u017eby&#8220; font_container=&#8220;tag:p|font_size:40|text_align:center|color:%23ffffff&#8220; use_theme_fonts=&#8220;yes&#8220;][vc_column_text]<\/p>\n<p style=\"text-align: center;\">Komplexn\u00e9 poradenstvo v oblasti<br \/>\nment\u00e1lnej pr\u00edpravy na v\u00fdkon[\/vc_column_text][vc_empty_space height=&#8220;70&#8243;][vc_row_inner equal_height=&#8220;yes&#8220; content_placement=&#8220;top&#8220; gap=&#8220;10&#8243; et_uniqid=&#8220;et_custom_uniqid_5f64c7d500dbf&#8220; _et_uniqid=&#8220;et_custom_uniqid_new_5f71e9a54fed7&#8243;][vc_column_inner width=&#8220;1\/2&#8243; offset=&#8220;vc_col-xs-12&#8243;][vc_cta h2=&#8220;Vrcholov\u00ed \u0161portovci&#8220; add_icon=&#8220;top&#8220; i_icon_fontawesome=&#8220;fas fa-biking&#8220; i_color=&#8220;turquoise&#8220; i_background_style=&#8220;rounded&#8220; i_background_color=&#8220;custom&#8220; i_size=&#8220;xl&#8220; css=&#8220;.vc_custom_1642455017434{border-radius: 10px !important;}&#8220;]<\/p>\n<ul>\n<li>Optimaliz\u00e1cia v\u00fdkonnosti \u0161portovca<\/li>\n<li>Zvl\u00e1danie stresu, strachu a pred\u0161tartov\u00fdch stavov<\/li>\n<li>Anal\u00fdza ment\u00e1lnych aspektov v\u00fdkonu<\/li>\n<li>Koncentra\u010dn\u00e9 a relaxa\u010dn\u00e9 techniky<\/li>\n<li>Vizualiza\u010dn\u00e9 techniky a ideomotorick\u00fd tr\u00e9ning<\/li>\n<li>Individu\u00e1lne nastaven\u00e1 kr\u00e1tkodob\u00e1 i dlhodob\u00e1 ment\u00e1lna pr\u00edprava<\/li>\n<li>\u00da\u010das\u0165 psychol\u00f3ga priamo v tr\u00e9ningov\u00fdch a s\u00fa\u0165a\u017en\u00fdch podmienkach<\/li>\n<li>Ment\u00e1lny tr\u00e9ning<\/li>\n<li>Diagnostika vybran\u00fdch ment\u00e1lnych schopnost\u00ed a vlastnost\u00ed osobnosti<\/li>\n<\/ul>\n<p>[\/vc_cta][vc_cta h2=&#8220;Vrcholov\u00ed mana\u017e\u00e9ri a ved\u00faci pracovn\u00edci&#8220; add_icon=&#8220;top&#8220; i_icon_fontawesome=&#8220;fas fa-users&#8220; i_color=&#8220;turquoise&#8220; i_background_style=&#8220;rounded&#8220; i_background_color=&#8220;custom&#8220; i_size=&#8220;xl&#8220; css=&#8220;.vc_custom_1601042754555{border-radius: 10px !important;}&#8220;]<\/p>\n<ul>\n<li>Rozvoj komunika\u010dn\u00fdch zru\u010dnost\u00ed a asert\u00edvneho spr\u00e1vania<\/li>\n<li>Zvl\u00e1danie n\u00e1ro\u010dn\u00fdch a stresov\u00fdch situ\u00e1ci\u00ed<\/li>\n<li>Budovanie ment\u00e1lnej odolnosti<\/li>\n<\/ul>\n<p>[\/vc_cta][\/vc_column_inner][vc_column_inner width=&#8220;1\/2&#8243; offset=&#8220;vc_col-md-offset-0 vc_col-sm-offset-0 vc_col-xs-12&#8243;][vc_cta h2=&#8220;Tr\u00e9neri a \u0161portov\u00ed odborn\u00edci&#8220; add_icon=&#8220;top&#8220; i_icon_fontawesome=&#8220;fas fa-running&#8220; i_color=&#8220;turquoise&#8220; i_background_style=&#8220;rounded&#8220; i_background_color=&#8220;custom&#8220; i_size=&#8220;xl&#8220; css=&#8220;.vc_custom_1601055622569{border-radius: 10px !important;}&#8220;]<\/p>\n<ul>\n<li>Rozvoj komunika\u010dn\u00fdch zru\u010dnost\u00ed<\/li>\n<li>Poradenstvo v oblasti vedenia jednotlivcov i t\u00edmu<\/li>\n<li>Individu\u00e1lne nastaven\u00e1 kr\u00e1tkodob\u00e1 i dlhodob\u00e1 ment\u00e1lna pr\u00edprava<\/li>\n<\/ul>\n<p>[\/vc_cta][vc_cta h2=&#8220;Predn\u00e1\u0161kov\u00e1 \u010dinnos\u0165, semin\u00e1re a workshopy&#8220; add_icon=&#8220;top&#8220; i_icon_fontawesome=&#8220;fas fa-chart-line&#8220; i_color=&#8220;turquoise&#8220; i_background_style=&#8220;rounded&#8220; i_background_color=&#8220;custom&#8220; i_size=&#8220;xl&#8220; css=&#8220;.vc_custom_1601055613587{border-radius: 10px !important;}&#8220;]<\/p>\n<ul>\n<li>predn\u00e1\u0161ky na odborn\u00e9 t\u00e9my ment\u00e1lnej pr\u00edpravy v \u0161porte pre \u0161portovcov, tr\u00e9nerov, rodi\u010dov a \u0161portov\u00fdch odborn\u00edkov<\/li>\n<\/ul>\n<p>[\/vc_cta][vc_cta h2=&#8220;Jednotlivci dosahuj\u00faci osobn\u00e9 ciele&#8220; add_icon=&#8220;top&#8220; i_type=&#8220;openiconic&#8220; i_icon_openiconic=&#8220;vc-oi vc-oi-target&#8220; i_color=&#8220;turquoise&#8220; i_background_style=&#8220;rounded&#8220; i_background_color=&#8220;custom&#8220; i_size=&#8220;xl&#8220; css=&#8220;.vc_custom_1601042785890{border-radius: 10px !important;}&#8220;]<\/p>\n<ul>\n<li>pr\u00e1ca s klientom zameran\u00e1 na jeho osobn\u00fd rast a rozvoj osobnosti<\/li>\n<\/ul>\n<p>[\/vc_cta][\/vc_column_inner][\/vc_row_inner][\/vc_column][\/vc_row][\/vc_section][vc_section full_width=&#8220;stretch_row&#8220; content_placement=&#8220;middle&#8220; background_position=&#8220;center&#8220; et_uniqid=&#8220;et_custom_uniqid_5f64b80f008f3&#8243; el_id=&#8220;kontakt&#8220; el_class=&#8220;kontakt&#8220; _et_uniqid=&#8220;et_custom_uniqid_new_5f6e3018d3a42&#8243; css=&#8220;.vc_custom_1601056795573{background-color: #898989 !important;}&#8220;][vc_row][vc_column][vc_row_inner][vc_column_inner][vc_column_text]Kontakt[\/vc_column_text][vc_custom_heading text=&#8220;Nev\u00e1hajte ma kontaktova\u0165&#8220; font_container=&#8220;tag:p|font_size:40|text_align:center|color:%23ffffff&#8220; use_theme_fonts=&#8220;yes&#8220;][vc_icon type=&#8220;typicons&#8220; icon_typicons=&#8220;typcn typcn-arrow-down&#8220; color=&#8220;white&#8220; size=&#8220;xl&#8220; align=&#8220;center&#8220;][\/vc_column_inner][\/vc_row_inner][vc_empty_space height=&#8220;100&#8243;][vc_custom_heading text=&#8220;Mgr. et Mgr. Petra Pa\u010desov\u00e1, PhD.&#8220; font_container=&#8220;tag:p|font_size:40|text_align:center|color:%230ecbd5&#8243; use_theme_fonts=&#8220;yes&#8220;][vc_column_text]<\/p>\n<p style=\"text-align: center;\">+421 908 198 796<\/p>\n<p style=\"text-align: center;\"><a href=\"mailto:petra@soul-mate.sk\">petra@soul-mate.sk<\/a><\/p>\n<p>[\/vc_column_text][vc_icon icon_fontawesome=&#8220;fas fa-map-marker-alt&#8220; color=&#8220;turquoise&#8220; size=&#8220;xl&#8220; align=&#8220;center&#8220;][vc_empty_space height=&#8220;100&#8243;][vc_column_text]<\/p>\n<p style=\"text-align: center;\"><a href=\"https:\/\/www.google.sk\/maps\/place\/Bos%C3%A1kova+3783%2F7,+851+04+Petr%C5%BEalka\/@48.1282682,17.1191997,17z\/data=!4m13!1m7!3m6!1s0x476c890e16e06d97:0x15a3c0586529dec9!2sBos%C3%A1kova+3783%2F7,+851+04+Petr%C5%BEalka!3b1!8m2!3d48.1282682!4d17.1213884!3m4!1s0x476c890e16e06d97:0x15a3c0586529dec9!8m2!3d48.1282682!4d17.1213884\">Bos\u00e1kova 7, Petr\u017ealka<\/a><br \/>\n<a href=\"https:\/\/www.google.sk\/maps\/place\/Bos%C3%A1kova+3783%2F7,+851+04+Petr%C5%BEalka\/@48.1282682,17.1191997,17z\/data=!4m13!1m7!3m6!1s0x476c890e16e06d97:0x15a3c0586529dec9!2sBos%C3%A1kova+3783%2F7,+851+04+Petr%C5%BEalka!3b1!8m2!3d48.1282682!4d17.1213884!3m4!1s0x476c890e16e06d97:0x15a3c0586529dec9!8m2!3d48.1282682!4d17.1213884\">Bratislava<\/a>[\/vc_column_text][\/vc_column][\/vc_row][\/vc_section]<\/p>\n","protected":false},"excerpt":{"rendered":"<p>[vc_section full_width=&#8220;stretch_row&#8220; background_position=&#8220;center_top&#8220; et_uniqid=&#8220;et_custom_uniqid_5f64b80f008f3&#8243; el_id=&#8220;uvod&#8220; el_class=&#8220;uvod&#8220; _et_uniqid=&#8220;et_custom_uniqid_new_5f97ec033c903&#8243; css=&#8220;.vc_custom_1603791883323{background: #0ecbd5 url(https:\/\/www.soul-mate.sk\/wp-content\/uploads\/2020\/09\/Peta_header-foto_uprava.jpg?id=6116) !important;background-position: center !important;background-repeat: no-repeat !important;background-size: cover !important;}&#8220;][vc_row full_width=&#8220;stretch_row_content&#8220; full_height=&#8220;yes&#8220; content_placement=&#8220;middle&#8220; et_uniqid=&#8220;et_custom_uniqid_5f64b883bc0c6&#8243; _et_uniqid=&#8220;et_custom_uniqid_new_5f64c09c1c8b9&#8243;][vc_column width=&#8220;1\/2&#8243; et_uniqid=&#8220;et_custom_uniqid_5f64b7cbec3fe&#8220; _et_uniqid=&#8220;et_custom_uniqid_new_5f64bc93edeba&#8220;][\/vc_column][vc_column&#8230;<\/p>\n","protected":false},"author":1,"featured_media":0,"parent":0,"menu_order":0,"comment_status":"closed","ping_status":"closed","template":"","meta":{"_monsterinsights_skip_tracking":false,"_monsterinsights_sitenote_active":false,"_monsterinsights_sitenote_note":"","_monsterinsights_sitenote_category":0},"yoast_head":"<!-- This site is optimized with the Yoast SEO plugin v15.7 - https:\/\/yoast.com\/wordpress\/plugins\/seo\/ -->\n<title>Soul-mate - Petra Pa\u010desov\u00e1 - Soulmate<\/title>\n<meta name=\"robots\" content=\"index, follow, max-snippet:-1, max-image-preview:large, max-video-preview:-1\" \/>\n<link rel=\"canonical\" href=\"https:\/\/www.soul-mate.sk\/\" \/>\n<meta property=\"og:locale\" content=\"sk_SK\" \/>\n<meta property=\"og:type\" content=\"article\" \/>\n<meta property=\"og:title\" content=\"Soul-mate - Petra Pa\u010desov\u00e1 - Soulmate\" \/>\n<meta property=\"og:description\" content=\"[vc_section full_width=&#8220;stretch_row&#8220; background_position=&#8220;center_top&#8220; et_uniqid=&#8220;et_custom_uniqid_5f64b80f008f3&#8243; el_id=&#8220;uvod&#8220; el_class=&#8220;uvod&#8220; _et_uniqid=&#8220;et_custom_uniqid_new_5f97ec033c903&#8243; css=&#8220;.vc_custom_1603791883323{background: #0ecbd5 url(https:\/\/www.soul-mate.sk\/wp-content\/uploads\/2020\/09\/Peta_header-foto_uprava.jpg?id=6116) !important;background-position: center !important;background-repeat: no-repeat !important;background-size: cover !important;}&#8220;][vc_row full_width=&#8220;stretch_row_content&#8220; full_height=&#8220;yes&#8220; content_placement=&#8220;middle&#8220; et_uniqid=&#8220;et_custom_uniqid_5f64b883bc0c6&#8243; _et_uniqid=&#8220;et_custom_uniqid_new_5f64c09c1c8b9&#8243;][vc_column width=&#8220;1\/2&#8243; et_uniqid=&#8220;et_custom_uniqid_5f64b7cbec3fe&#8220; _et_uniqid=&#8220;et_custom_uniqid_new_5f64bc93edeba&#8220;][\/vc_column][vc_column...\" \/>\n<meta property=\"og:url\" content=\"https:\/\/www.soul-mate.sk\/\" \/>\n<meta property=\"og:site_name\" content=\"Petra Pa\u010desov\u00e1 - Soulmate\" \/>\n<meta property=\"article:modified_time\" content=\"2022-01-17T21:31:06+00:00\" \/>\n<meta name=\"twitter:card\" content=\"summary_large_image\" \/>\n<meta name=\"twitter:label1\" content=\"Predpokladan\u00fd \u010das \u010d\u00edtania\">\n\t<meta name=\"twitter:data1\" content=\"6 min\u00fat\">\n<script type=\"application\/ld+json\" class=\"yoast-schema-graph\">{\"@context\":\"https:\/\/schema.org\",\"@graph\":[{\"@type\":\"WebSite\",\"@id\":\"https:\/\/www.soul-mate.sk\/#website\",\"url\":\"https:\/\/www.soul-mate.sk\/\",\"name\":\"Petra Pa\\u010desov\\u00e1 - Soulmate\",\"description\":\"\\u0160portov\\u00fd psychol\\u00f3g\",\"potentialAction\":[{\"@type\":\"SearchAction\",\"target\":\"https:\/\/www.soul-mate.sk\/?s={search_term_string}\",\"query-input\":\"required name=search_term_string\"}],\"inLanguage\":\"sk-SK\"},{\"@type\":\"WebPage\",\"@id\":\"https:\/\/www.soul-mate.sk\/#webpage\",\"url\":\"https:\/\/www.soul-mate.sk\/\",\"name\":\"Soul-mate - Petra Pa\\u010desov\\u00e1 - Soulmate\",\"isPartOf\":{\"@id\":\"https:\/\/www.soul-mate.sk\/#website\"},\"datePublished\":\"2016-05-23T12:03:26+00:00\",\"dateModified\":\"2022-01-17T21:31:06+00:00\",\"inLanguage\":\"sk-SK\",\"potentialAction\":[{\"@type\":\"ReadAction\",\"target\":[\"https:\/\/www.soul-mate.sk\/\"]}]}]}<\/script>\n<!-- \/ Yoast SEO plugin. -->","_links":{"self":[{"href":"https:\/\/www.soul-mate.sk\/index.php?rest_route=\/wp\/v2\/pages\/4084"}],"collection":[{"href":"https:\/\/www.soul-mate.sk\/index.php?rest_route=\/wp\/v2\/pages"}],"about":[{"href":"https:\/\/www.soul-mate.sk\/index.php?rest_route=\/wp\/v2\/types\/page"}],"author":[{"embeddable":true,"href":"https:\/\/www.soul-mate.sk\/index.php?rest_route=\/wp\/v2\/users\/1"}],"replies":[{"embeddable":true,"href":"https:\/\/www.soul-mate.sk\/index.php?rest_route=%2Fwp%2Fv2%2Fcomments&post=4084"}],"version-history":[{"count":7,"href":"https:\/\/www.soul-mate.sk\/index.php?rest_route=\/wp\/v2\/pages\/4084\/revisions"}],"predecessor-version":[{"id":6203,"href":"https:\/\/www.soul-mate.sk\/index.php?rest_route=\/wp\/v2\/pages\/4084\/revisions\/6203"}],"wp:attachment":[{"href":"https:\/\/www.soul-mate.sk\/index.php?rest_route=%2Fwp%2Fv2%2Fmedia&parent=4084"}],"curies":[{"name":"wp","href":"https:\/\/api.w.org\/{rel}","templated":true}]}}